{"id":2439,"date":"2024-02-14T10:58:36","date_gmt":"2024-02-14T10:58:36","guid":{"rendered":"https:\/\/gaillimh-le-gaeilge.local\/?page_id=2439"},"modified":"2024-12-02T16:27:35","modified_gmt":"2024-12-02T16:27:35","slug":"social-media","status":"publish","type":"page","link":"https:\/\/gleg.ie\/gaeilge\/social-media\/","title":{"rendered":"Na Me\u00e1in Sh\u00f3isialta"},"content":{"rendered":"<p>[et_pb_section fb_built=&#8221;1&#8243; _builder_version=&#8221;4.23.4&#8243; _module_preset=&#8221;61c6dc6f-569a-4ebd-af82-aae16e6bb0f2&#8243; custom_margin=&#8221;186px||||false|false&#8221; custom_margin_tablet=&#8221;186px||||false|false&#8221; custom_margin_phone=&#8221;81px||||false|false&#8221; custom_margin_last_edited=&#8221;on|phone&#8221; global_colors_info=&#8221;{}&#8221;][et_pb_row custom_padding_last_edited=&#8221;on|phone&#8221; _builder_version=&#8221;4.23.4&#8243; _module_preset=&#8221;default&#8221; width_tablet=&#8221;86%&#8221; width_phone=&#8221;86%&#8221; width_last_edited=&#8221;on|desktop&#8221; max_width=&#8221;1535px&#8221; custom_padding=&#8221;||64px||false|false&#8221; custom_padding_tablet=&#8221;||64px||false|false&#8221; custom_padding_phone=&#8221;||36px||false|false&#8221; border_color_bottom=&#8221;#b9d2d8&#8243; global_colors_info=&#8221;{}&#8221;][et_pb_column type=&#8221;4_4&#8243; _builder_version=&#8221;4.23.4&#8243; _module_preset=&#8221;default&#8221; global_colors_info=&#8221;{}&#8221;][et_pb_text _builder_version=&#8221;4.23.4&#8243; _module_preset=&#8221;default&#8221; global_colors_info=&#8221;{}&#8221;]<\/p>\n<h2 style=\"text-align: center;\"><span>Social Media<\/span><\/h2>\n<p>[\/et_pb_text][et_pb_text _builder_version=&#8221;4.23.4&#8243; _module_preset=&#8221;default&#8221; custom_padding=&#8221;|10%||10%|false|false&#8221; hover_enabled=&#8221;0&#8243; global_colors_info=&#8221;{}&#8221; sticky_enabled=&#8221;0&#8243;]<\/p>\n<h6 style=\"text-align: center;\">Following is a list of useful phrases that can be used in social media\u00a0 If you require and other translations that are not listed here, please contact us on 091 568876 or <span style=\"color: #993366;\">eolas@gleg.ie<\/span><\/h6>\n<p>[\/et_pb_text][\/et_pb_column][\/et_pb_row][\/et_pb_section][et_pb_section fb_built=&#8221;1&#8243; _builder_version=&#8221;4.23.4&#8243; _module_preset=&#8221;default&#8221; custom_padding=&#8221;0px|||||&#8221; global_colors_info=&#8221;{}&#8221;][et_pb_row column_structure=&#8221;1_2,1_2&#8243; _builder_version=&#8221;4.23.4&#8243; _module_preset=&#8221;default&#8221; global_colors_info=&#8221;{}&#8221;][et_pb_column type=&#8221;1_2&#8243; _builder_version=&#8221;4.23.4&#8243; _module_preset=&#8221;default&#8221; global_colors_info=&#8221;{}&#8221;][et_pb_toggle title=&#8221;Opening \/ closing a tweet \/ message&#8221; open=&#8221;on&#8221; closed_toggle_background_color=&#8221;RGBA(255,255,255,0)&#8221; _builder_version=&#8221;4.23.4&#8243; _module_preset=&#8221;default&#8221; title_level=&#8221;h2&#8243; title_font_size=&#8221;26px&#8221; border_radii=&#8221;on|20px|20px|20px|20px&#8221; border_width_all=&#8221;0px&#8221; box_shadow_style=&#8221;preset1&#8243; global_colors_info=&#8221;{}&#8221;]<\/p>\n<blockquote>\n<p><strong>Dia Daoibh<\/strong><br \/>&#8211; Hello (plural)<\/p>\n<\/blockquote>\n<blockquote>\n<p><strong>\u00a0Dia Daoibh ar maidin<\/strong><br \/>&#8211; Hello (ar maidin)<\/p>\n<\/blockquote>\n<blockquote>\n<p><strong>B\u00edodh l\u00e1 maith agaibh<\/strong><br \/>&#8211; Have a good day (iolra)<\/p>\n<\/blockquote>\n<blockquote>\n<p><strong>C\u00e9n chaoi a bhfuil sibh inniu?<\/strong><br \/>&#8211; How are you (plural) today<\/p>\n<\/blockquote>\n<blockquote>\n<p><strong>L\u00e1 bre\u00e1 samhraidh anseo i nGaillimh<\/strong><br \/>&#8211; A lovely summer\u2019s day here in Galway<\/p>\n<\/blockquote>\n<blockquote>\n<p><strong>Sl\u00e1n go f\u00f3ill<\/strong><br \/>&#8211; Bye for now<\/p>\n<\/blockquote>\n<blockquote>\n<p><strong>O\u00edche Mhaith<\/strong><br \/>&#8211; Good night<\/p>\n<\/blockquote>\n<blockquote>\n<p><strong>Sin \u00e9<\/strong><br \/>&#8211; That\u2019s it<\/p>\n<\/blockquote>\n<blockquote>\n<p><strong>B\u00edodh tr\u00e1thn\u00f3na\/deireadh seachtaine maith agaibh<\/strong><br \/>&#8211; Have a good evening\/weekend<\/p>\n<\/blockquote>\n<blockquote>\n<p><strong>Coinnigh s\u00fail amach<\/strong><br \/>&#8211; Keep an eye out<\/p>\n<\/blockquote>\n<blockquote>\n<p><strong>B\u00ed linn<\/strong><br \/>&#8211; Join us<\/p>\n<\/blockquote>\n<blockquote>\n<p><strong>Buail isteach<\/strong><br \/>&#8211; Drop in<\/p>\n<\/blockquote>\n<p>[\/et_pb_toggle][et_pb_toggle title=&#8221;For Restaurants and Hotels&#8221; open=&#8221;on&#8221; closed_toggle_background_color=&#8221;RGBA(255,255,255,0)&#8221; _builder_version=&#8221;4.23.4&#8243; _module_preset=&#8221;default&#8221; title_level=&#8221;h2&#8243; title_font_size=&#8221;26px&#8221; border_radii=&#8221;on|20px|20px|20px|20px&#8221; border_width_all=&#8221;0px&#8221; box_shadow_style=&#8221;preset1&#8243; global_colors_info=&#8221;{}&#8221;]<\/p>\n<blockquote>\n<p><strong>Bain sult as do bh\u00e9ile<\/strong><br \/>&#8211; Enjoy your meal<\/p>\n<\/blockquote>\n<blockquote>\n<p><strong>Mias an lae<\/strong><br \/>&#8211; Dish of the Day<\/p>\n<\/blockquote>\n<blockquote>\n<p><strong>Bain sult as do bhriseadh linn<\/strong><br \/>&#8211; Enjoy your break with us.<\/p>\n<\/blockquote>\n<blockquote>\n<p><strong>Bia blasta an lae<\/strong><br \/>&#8211; Tasty food of the day<\/p>\n<\/blockquote>\n<blockquote>\n<p><strong>Blas na Gaillimhe ar f\u00e1il anseo<\/strong><br \/>&#8211; The taste of Galway available here<\/p>\n<\/blockquote>\n<blockquote>\n<p><strong>Lig do sc\u00edth agus buail isteach<\/strong><br \/>&#8211; Take a break and call in<\/p>\n<\/blockquote>\n<blockquote>\n<p><strong>Com\u00f3rtas na seachtaine\/na m\u00edosa<\/strong><br \/>&#8211; Competition of the Week\/Month<\/p>\n<\/blockquote>\n<blockquote>\n<p><strong>Dinn\u00e9ar do bheirt sa bhialann<\/strong><br \/>&#8211; Dinner for two in the Restaurant<\/p>\n<\/blockquote>\n<p>[\/et_pb_toggle][\/et_pb_column][et_pb_column type=&#8221;1_2&#8243; _builder_version=&#8221;4.23.4&#8243; _module_preset=&#8221;default&#8221; global_colors_info=&#8221;{}&#8221;][et_pb_toggle title=&#8221;Other General Phrases&#8221; open=&#8221;on&#8221; closed_toggle_background_color=&#8221;RGBA(255,255,255,0)&#8221; _builder_version=&#8221;4.23.4&#8243; _module_preset=&#8221;default&#8221; title_level=&#8221;h2&#8243; title_font_size=&#8221;26px&#8221; border_radii=&#8221;on|20px|20px|20px|20px&#8221; border_width_all=&#8221;0px&#8221; box_shadow_style=&#8221;preset1&#8243; global_colors_info=&#8221;{}&#8221;]<\/p>\n<blockquote>\n<p><strong>F\u00e1ilte go dt\u00ed mo bhlag<\/strong><br \/>&#8211; Welcome to my blog<\/p>\n<\/blockquote>\n<blockquote>\n<p><strong>D\u00e9an nasc liom<\/strong><br \/>&#8211; Connect with me<\/p>\n<\/blockquote>\n<blockquote>\n<p><strong>Cad \u00e9 bhur dtuairim\u00ed?<\/strong><br \/>&#8211; What is your opinions?<\/p>\n<\/blockquote>\n<blockquote>\n<p><strong>B\u00ed linn<\/strong><br \/>&#8211; Join us<\/p>\n<\/blockquote>\n<blockquote>\n<p><strong>Buail isteach<\/strong><br \/>&#8211; Drop in<\/p>\n<\/blockquote>\n<blockquote>\n<p><strong>\u00c1dh m\u00f3r ar fhoireann Rugba\u00ed Chonnacht<\/strong><br \/>&#8211; Best of luck to the Connacht Rugby team<\/p>\n<\/blockquote>\n<blockquote>\n<p><strong>\u00c1dh m\u00f3r ar fhoireann Sacair na h\u00c9ireann<\/strong><br \/>&#8211; Best of luck to the Irish Soccer Team<\/p>\n<\/blockquote>\n<blockquote>\n<p><strong>T\u00e1 an deireadh seachtaine linn<\/strong><br \/>&#8211; It\u2019s the weekend<\/p>\n<\/blockquote>\n<p>[\/et_pb_toggle][et_pb_toggle title=&#8221;For Retail and Other Companies&#8221; open=&#8221;on&#8221; closed_toggle_background_color=&#8221;RGBA(255,255,255,0)&#8221; _builder_version=&#8221;4.23.4&#8243; _module_preset=&#8221;default&#8221; title_level=&#8221;h2&#8243; title_font_size=&#8221;26px&#8221; border_radii=&#8221;on|20px|20px|20px|20px&#8221; border_width_all=&#8221;0px&#8221; box_shadow_style=&#8221;preset1&#8243; global_colors_info=&#8221;{}&#8221;]<\/p>\n<blockquote>\n<p><strong>Tairiscint\u00ed Speisialta<\/strong><br \/>&#8211; Speical offers<\/p>\n<\/blockquote>\n<blockquote>\n<p><strong>Branda nua sa siopa inniu<\/strong><br \/>&#8211; A new brand in our shop today<\/p>\n<\/blockquote>\n<blockquote>\n<p><strong>T\u00e1imid oscailte go dt\u00ed 9 a chlog anocht, f\u00e1ilte isteach!<\/strong><\/p>\n<p>&#8211; We are open until 9 pm this evening, welcome in!<\/p>\n<\/blockquote>\n<blockquote>\n<p><strong>Buail isteach le haghaidh \u00e1r dtairiscint\u00ed speisialta at\u00e1 ar f\u00e1il inniu<\/strong><br \/>&#8211; Call in for our special offers.<\/p>\n<\/blockquote>\n<blockquote>\n<p><strong>Lascaine 50% ar f\u00e1il inniu<\/strong><br \/>&#8211; 50% discount available today<\/p>\n<\/blockquote>\n<p>[\/et_pb_toggle][\/et_pb_column][\/et_pb_row][\/et_pb_section]<\/p>\n","protected":false},"excerpt":{"rendered":"<p>Social MediaFollowing is a list of useful phrases that can be used in social media\u00a0 If you require and other translations that are not listed here, please contact us on 091 568876 or eolas@gleg.ie Dia Daoibh- Hello (plural) \u00a0Dia Daoibh ar maidin- Hello (ar maidin) B\u00edodh l\u00e1 maith agaibh- Have a good day (iolra) C\u00e9n [&hellip;]<\/p>\n","protected":false},"author":3,"featured_media":0,"parent":0,"menu_order":0,"comment_status":"closed","ping_status":"closed","template":"","meta":{"_acf_changed":false,"_et_pb_use_builder":"on","_et_pb_old_content":"","_et_gb_content_width":"","footnotes":""},"class_list":["post-2439","page","type-page","status-publish","hentry"],"acf":[],"yoast_head":"<!-- This site is optimized with the Yoast SEO plugin v27.4 - https:\/\/yoast.com\/product\/yoast-seo-wordpress\/ -->\n<title>Social Media - Gaillimh Le Gaeilge<\/title>\n<meta name=\"robots\" content=\"index, follow, max-snippet:-1, max-image-preview:large, max-video-preview:-1\" \/>\n<link rel=\"canonical\" href=\"https:\/\/gleg.ie\/gaeilge\/social-media\/\" \/>\n<meta property=\"og:locale\" content=\"ga_IE\" \/>\n<meta property=\"og:type\" content=\"article\" \/>\n<meta property=\"og:title\" content=\"Social Media - Gaillimh Le Gaeilge\" \/>\n<meta property=\"og:description\" content=\"Social MediaFollowing is a list of useful phrases that can be used in social media\u00a0 If you require and other translations that are not listed here, please contact us on 091 568876 or eolas@gleg.ie Dia Daoibh- Hello (plural) \u00a0Dia Daoibh ar maidin- Hello (ar maidin) B\u00edodh l\u00e1 maith agaibh- Have a good day (iolra) C\u00e9n [&hellip;]\" \/>\n<meta property=\"og:url\" content=\"https:\/\/gleg.ie\/gaeilge\/social-media\/\" \/>\n<meta property=\"og:site_name\" content=\"Gaillimh Le Gaeilge\" \/>\n<meta property=\"article:modified_time\" content=\"2024-12-02T16:27:35+00:00\" \/>\n<meta name=\"twitter:card\" content=\"summary_large_image\" \/>\n<meta name=\"twitter:label1\" content=\"Est. reading time\" \/>\n\t<meta name=\"twitter:data1\" content=\"4 minutes\" \/>\n<script type=\"application\/ld+json\" class=\"yoast-schema-graph\">{\"@context\":\"https:\\\/\\\/schema.org\",\"@graph\":[{\"@type\":\"WebPage\",\"@id\":\"https:\\\/\\\/gleg.ie\\\/english\\\/social-media\\\/\",\"url\":\"https:\\\/\\\/gleg.ie\\\/english\\\/social-media\\\/\",\"name\":\"Social Media - Gaillimh Le Gaeilge\",\"isPartOf\":{\"@id\":\"https:\\\/\\\/gleg.ie\\\/#website\"},\"datePublished\":\"2024-02-14T10:58:36+00:00\",\"dateModified\":\"2024-12-02T16:27:35+00:00\",\"breadcrumb\":{\"@id\":\"https:\\\/\\\/gleg.ie\\\/english\\\/social-media\\\/#breadcrumb\"},\"inLanguage\":\"ga-IE\",\"potentialAction\":[{\"@type\":\"ReadAction\",\"target\":[\"https:\\\/\\\/gleg.ie\\\/english\\\/social-media\\\/\"]}]},{\"@type\":\"BreadcrumbList\",\"@id\":\"https:\\\/\\\/gleg.ie\\\/english\\\/social-media\\\/#breadcrumb\",\"itemListElement\":[{\"@type\":\"ListItem\",\"position\":1,\"name\":\"Home\",\"item\":\"https:\\\/\\\/gleg.ie\\\/english\\\/\"},{\"@type\":\"ListItem\",\"position\":2,\"name\":\"Social Media\"}]},{\"@type\":\"WebSite\",\"@id\":\"https:\\\/\\\/gleg.ie\\\/#website\",\"url\":\"https:\\\/\\\/gleg.ie\\\/\",\"name\":\"Gaillimh Le Gaeilge\",\"description\":\"Gaillimh le Gaeilge, An Ghaeilge i nGaillimh, Irish language and culture in Galway, Gaeilge sa Ghn\u00f3, Irish in Business\",\"potentialAction\":[{\"@type\":\"SearchAction\",\"target\":{\"@type\":\"EntryPoint\",\"urlTemplate\":\"https:\\\/\\\/gleg.ie\\\/?s={search_term_string}\"},\"query-input\":{\"@type\":\"PropertyValueSpecification\",\"valueRequired\":true,\"valueName\":\"search_term_string\"}}],\"inLanguage\":\"ga-IE\"}]}<\/script>\n<!-- \/ Yoast SEO plugin. -->","yoast_head_json":{"title":"Social Media - Gaillimh Le Gaeilge","robots":{"index":"index","follow":"follow","max-snippet":"max-snippet:-1","max-image-preview":"max-image-preview:large","max-video-preview":"max-video-preview:-1"},"canonical":"https:\/\/gleg.ie\/gaeilge\/social-media\/","og_locale":"ga_IE","og_type":"article","og_title":"Social Media - Gaillimh Le Gaeilge","og_description":"Social MediaFollowing is a list of useful phrases that can be used in social media\u00a0 If you require and other translations that are not listed here, please contact us on 091 568876 or eolas@gleg.ie Dia Daoibh- Hello (plural) \u00a0Dia Daoibh ar maidin- Hello (ar maidin) B\u00edodh l\u00e1 maith agaibh- Have a good day (iolra) C\u00e9n [&hellip;]","og_url":"https:\/\/gleg.ie\/gaeilge\/social-media\/","og_site_name":"Gaillimh Le Gaeilge","article_modified_time":"2024-12-02T16:27:35+00:00","twitter_card":"summary_large_image","twitter_misc":{"Est. reading time":"4 minutes"},"schema":{"@context":"https:\/\/schema.org","@graph":[{"@type":"WebPage","@id":"https:\/\/gleg.ie\/english\/social-media\/","url":"https:\/\/gleg.ie\/english\/social-media\/","name":"Social Media - Gaillimh Le Gaeilge","isPartOf":{"@id":"https:\/\/gleg.ie\/#website"},"datePublished":"2024-02-14T10:58:36+00:00","dateModified":"2024-12-02T16:27:35+00:00","breadcrumb":{"@id":"https:\/\/gleg.ie\/english\/social-media\/#breadcrumb"},"inLanguage":"ga-IE","potentialAction":[{"@type":"ReadAction","target":["https:\/\/gleg.ie\/english\/social-media\/"]}]},{"@type":"BreadcrumbList","@id":"https:\/\/gleg.ie\/english\/social-media\/#breadcrumb","itemListElement":[{"@type":"ListItem","position":1,"name":"Home","item":"https:\/\/gleg.ie\/english\/"},{"@type":"ListItem","position":2,"name":"Social Media"}]},{"@type":"WebSite","@id":"https:\/\/gleg.ie\/#website","url":"https:\/\/gleg.ie\/","name":"Gaillimh Le Gaeilge","description":"Gaillimh le Gaeilge, An Ghaeilge i nGaillimh, Irish language and culture in Galway, Gaeilge sa Ghn\u00f3, Irish in Business","potentialAction":[{"@type":"SearchAction","target":{"@type":"EntryPoint","urlTemplate":"https:\/\/gleg.ie\/?s={search_term_string}"},"query-input":{"@type":"PropertyValueSpecification","valueRequired":true,"valueName":"search_term_string"}}],"inLanguage":"ga-IE"}]}},"featured_image_src":null,"featured_image_src_square":null,"_links":{"self":[{"href":"https:\/\/gleg.ie\/gaeilge\/wp-json\/wp\/v2\/pages\/2439","targetHints":{"allow":["GET"]}}],"collection":[{"href":"https:\/\/gleg.ie\/gaeilge\/wp-json\/wp\/v2\/pages"}],"about":[{"href":"https:\/\/gleg.ie\/gaeilge\/wp-json\/wp\/v2\/types\/page"}],"author":[{"embeddable":true,"href":"https:\/\/gleg.ie\/gaeilge\/wp-json\/wp\/v2\/users\/3"}],"replies":[{"embeddable":true,"href":"https:\/\/gleg.ie\/gaeilge\/wp-json\/wp\/v2\/comments?post=2439"}],"version-history":[{"count":0,"href":"https:\/\/gleg.ie\/gaeilge\/wp-json\/wp\/v2\/pages\/2439\/revisions"}],"wp:attachment":[{"href":"https:\/\/gleg.ie\/gaeilge\/wp-json\/wp\/v2\/media?parent=2439"}],"curies":[{"name":"wp","href":"https:\/\/api.w.org\/{rel}","templated":true}]}}