{"id":28844,"date":"2024-10-18T09:51:50","date_gmt":"2024-10-18T08:51:50","guid":{"rendered":"https:\/\/gaillimhlegaei.wpenginepowered.com\/?page_id=28844"},"modified":"2025-09-30T11:08:35","modified_gmt":"2025-09-30T10:08:35","slug":"research","status":"publish","type":"page","link":"https:\/\/gleg.ie\/gaeilge\/research\/","title":{"rendered":"Taighde"},"content":{"rendered":"<p>[et_pb_section fb_built=&#8221;1&#8243; _builder_version=&#8221;4.23.4&#8243; _module_preset=&#8221;7ba210c8-c746-4286-b7fb-647eb4c5fa94&#8243; custom_margin_phone=&#8221;0px||||false|false&#8221; custom_padding_phone=&#8221;||0px||false|false&#8221; global_colors_info=&#8221;{}&#8221;][et_pb_row _builder_version=&#8221;4.23.4&#8243; _module_preset=&#8221;default&#8221; width_tablet=&#8221;&#8221; width_phone=&#8221;86%&#8221; width_last_edited=&#8221;on|phone&#8221; global_colors_info=&#8221;{}&#8221;][et_pb_column type=&#8221;4_4&#8243; _builder_version=&#8221;4.23.4&#8243; _module_preset=&#8221;default&#8221; global_colors_info=&#8221;{}&#8221;][et_pb_text _builder_version=&#8221;4.23.4&#8243; _module_preset=&#8221;default&#8221; header_font=&#8221;||||||||&#8221; header_font_size_phone=&#8221;42px&#8221; global_colors_info=&#8221;{}&#8221;]<\/p>\n<h1 style=\"text-align: center;\">Research<\/h1>\n<p>[\/et_pb_text][et_pb_text _builder_version=&#8221;4.23.4&#8243; _module_preset=&#8221;default&#8221; header_font=&#8221;||||||||&#8221; header_font_size_phone=&#8221;42px&#8221; global_colors_info=&#8221;{}&#8221;]<\/p>\n<h6 style=\"text-align: center;\"><span>Here are the research publications that are currently available to download:<\/span><\/h6>\n<p>[\/et_pb_text][\/et_pb_column][\/et_pb_row][\/et_pb_section][et_pb_section fb_built=&#8221;1&#8243; admin_label=&#8221;PDF Download Section&#8221; _builder_version=&#8221;4.23.4&#8243; _module_preset=&#8221;default&#8221; global_colors_info=&#8221;{}&#8221;][et_pb_row column_structure=&#8221;1_4,1_4,1_4,1_4&#8243; admin_label=&#8221;PDF Download Row (column links x 4)&#8221; _builder_version=&#8221;4.23.4&#8243; _module_preset=&#8221;default&#8221; width_tablet=&#8221;&#8221; width_phone=&#8221;&#8221; width_last_edited=&#8221;on|phone&#8221; max_width=&#8221;1440px&#8221; module_alignment=&#8221;center&#8221; link_option_url=&#8221;https:\/\/gaillimhlegaei.wpenginepowered.com\/wp-content\/uploads\/2022\/09\/STRATEGY_2023-2025_WEB-.pdf&#8221; global_colors_info=&#8221;{}&#8221;][et_pb_column type=&#8221;1_4&#8243; admin_label=&#8221;PDF 1 &#8211; Link here&#8221; _builder_version=&#8221;4.23.4&#8243; _module_preset=&#8221;default&#8221; link_option_url=&#8221;https:\/\/gleg.ie\/wp-content\/uploads\/2025\/04\/STRATEGY_2023-2025_v6.pdf&#8221; link_option_url_new_window=&#8221;on&#8221; global_colors_info=&#8221;{}&#8221;][et_pb_image src=&#8221;https:\/\/gaillimhlegaei.wpenginepowered.com\/wp-content\/uploads\/2024\/11\/Straiteis23-25-scaled.jpg&#8221; title_text=&#8221;Strait\u00e9is23-25&#8243; url=&#8221;https:\/\/gleg.ie\/wp-content\/uploads\/2025\/04\/STRATEGY_2023-2025_v6.pdf&#8221; _builder_version=&#8221;4.23.4&#8243; _module_preset=&#8221;default&#8221; global_colors_info=&#8221;{}&#8221;][\/et_pb_image][et_pb_text admin_label=&#8221;PDF title 1&#8243; _builder_version=&#8221;4.23.4&#8243; _module_preset=&#8221;default&#8221; link_font=&#8221;||||||||&#8221; link_text_color=&#8221;#B70C60&#8243; link_option_url=&#8221;https:\/\/gleg.ie\/wp-content\/uploads\/2025\/04\/STRATEGY_2023-2025_v6.pdf&#8221; link_option_url_new_window=&#8221;on&#8221; hover_enabled=&#8221;0&#8243; global_colors_info=&#8221;{}&#8221; header_4_text_color__hover_enabled=&#8221;off|desktop&#8221; text_text_color__hover_enabled=&#8221;on|hover&#8221; sticky_enabled=&#8221;0&#8243;]<\/p>\n<p>&nbsp;<\/p>\n<h4>2022: Strait\u00e9is Ghaillimh le Gaeilge 2023-2025<\/h4>\n<p>[\/et_pb_text][\/et_pb_column][et_pb_column type=&#8221;1_4&#8243; admin_label=&#8221;PDF 2 &#8211; Link here&#8221; _builder_version=&#8221;4.23.4&#8243; _module_preset=&#8221;default&#8221; link_option_url=&#8221;https:\/\/gleg.ie\/wp-content\/uploads\/2024\/11\/2020-2026_Plean_Teanga_Chathair_na_Gaillimhe.pdf&#8221; global_colors_info=&#8221;{}&#8221;][et_pb_image src=&#8221;https:\/\/gaillimhlegaei.wpenginepowered.com\/wp-content\/uploads\/2024\/10\/Plean_Teanga_Chathair_na_Gaillimhe_2020-2026_210621-1-1.jpg&#8221; title_text=&#8221;Plean_Teanga_Chathair_na_Gaillimhe_2020-2026_210621-1-1&#8243; url=&#8221;https:\/\/gleg.ie\/wp-content\/uploads\/2024\/11\/2020-2026_Plean_Teanga_Chathair_na_Gaillimhe.pdf&#8221; url_new_window=&#8221;on&#8221; admin_label=&#8221;PDF thumbnail image 1&#8243; _builder_version=&#8221;4.23.4&#8243; _module_preset=&#8221;default&#8221; background_enable_image=&#8221;off&#8221; border_radii=&#8221;on|12px|12px|12px|12px&#8221; border_color_all=&#8221;RGBA(255,255,255,0)&#8221; box_shadow_style=&#8221;preset1&#8243; global_colors_info=&#8221;{}&#8221;][\/et_pb_image][et_pb_text admin_label=&#8221;PDF title 1&#8243; _builder_version=&#8221;4.23.4&#8243; _module_preset=&#8221;default&#8221; link_font=&#8221;||||||||&#8221; link_text_color=&#8221;#B70C60&#8243; link_option_url=&#8221;https:\/\/gleg.ie\/wp-content\/uploads\/2024\/11\/2020-2026_Plean_Teanga_Chathair_na_Gaillimhe.pdf&#8221; link_option_url_new_window=&#8221;on&#8221; hover_enabled=&#8221;0&#8243; global_colors_info=&#8221;{}&#8221; header_4_text_color__hover_enabled=&#8221;off|desktop&#8221; text_text_color__hover_enabled=&#8221;on|hover&#8221; sticky_enabled=&#8221;0&#8243;]<\/p>\n<p>Full Report<\/p>\n<h4>2021: Plean Teanga Chathair na Gaillimhe 2020-2026<\/h4>\n<p>[\/et_pb_text][\/et_pb_column][et_pb_column type=&#8221;1_4&#8243; admin_label=&#8221;PDF 3 &#8211; Link here&#8221; _builder_version=&#8221;4.23.4&#8243; _module_preset=&#8221;default&#8221; link_option_url=&#8221;https:\/\/gleg.ie\/wp-content\/uploads\/2024\/10\/Tuairisc_Chomhairleach_Achoimre_Fheidhmeach1.pdf&#8221; global_colors_info=&#8221;{}&#8221;][et_pb_image src=&#8221;https:\/\/gaillimhlegaei.wpenginepowered.com\/wp-content\/uploads\/2024\/10\/Tuairisc_Chomhairleach_Achoimre_Fheidhmeach1-1.jpg&#8221; title_text=&#8221;Tuairisc_Chomhairleach_Achoimre_Fheidhmeach1-1&#8243; url=&#8221;https:\/\/gaillimhlegaei.wpenginepowered.com\/wp-content\/uploads\/2024\/10\/Tuairisc_Chomhairleach_Achoimre_Fheidhmeach1.pdf&#8221; url_new_window=&#8221;on&#8221; align=&#8221;center&#8221; admin_label=&#8221;PDF thumbnail image 2&#8243; _builder_version=&#8221;4.23.4&#8243; _module_preset=&#8221;default&#8221; background_enable_image=&#8221;off&#8221; border_radii=&#8221;on|12px|12px|12px|12px&#8221; border_color_all=&#8221;RGBA(255,255,255,0)&#8221; box_shadow_style=&#8221;preset1&#8243; global_colors_info=&#8221;{}&#8221;][\/et_pb_image][et_pb_text admin_label=&#8221;PDF title 2&#8243; _builder_version=&#8221;4.23.4&#8243; _module_preset=&#8221;default&#8221; link_font=&#8221;||||||||&#8221; link_text_color=&#8221;#B70C60&#8243; link_option_url=&#8221;https:\/\/gaillimhlegaei.wpenginepowered.com\/wp-content\/uploads\/2024\/10\/Tuairisc_Chomhairleach_Achoimre_Fheidhmeach1.pdf&#8221; link_option_url_new_window=&#8221;on&#8221; hover_enabled=&#8221;0&#8243; global_colors_info=&#8221;{}&#8221; header_4_text_color__hover_enabled=&#8221;off|desktop&#8221; text_text_color__hover_enabled=&#8221;on|hover&#8221; sticky_enabled=&#8221;0&#8243;]<\/p>\n<p>Achoimre<\/p>\n<h4>2013: I dTreo St\u00e1das D\u00e1theangach<\/h4>\n<p>[\/et_pb_text][\/et_pb_column][et_pb_column type=&#8221;1_4&#8243; admin_label=&#8221;PDF 4 &#8211; Link here&#8221; _builder_version=&#8221;4.23.4&#8243; _module_preset=&#8221;default&#8221; link_option_url=&#8221;https:\/\/gleg.ie\/wp-content\/uploads\/2024\/10\/gleg_t1.pdf&#8221; global_colors_info=&#8221;{}&#8221;][et_pb_image src=&#8221;https:\/\/gaillimhlegaei.wpenginepowered.com\/wp-content\/uploads\/2024\/10\/gleg_taighde_leagan_iomlan_web-1.jpg&#8221; title_text=&#8221;gleg_taighde_leagan_iomlan_web-1&#8243; url=&#8221;https:\/\/gaillimhlegaei.wpenginepowered.com\/wp-content\/uploads\/2024\/10\/gleg_t1.pdf&#8221; url_new_window=&#8221;on&#8221; admin_label=&#8221;PDF thumbnail image 3&#8243; _builder_version=&#8221;4.23.4&#8243; _module_preset=&#8221;default&#8221; background_enable_image=&#8221;off&#8221; border_radii=&#8221;on|12px|12px|12px|12px&#8221; border_color_all=&#8221;RGBA(255,255,255,0)&#8221; box_shadow_style=&#8221;preset1&#8243; global_colors_info=&#8221;{}&#8221;][\/et_pb_image][et_pb_text admin_label=&#8221;PDF title 3&#8243; _builder_version=&#8221;4.23.4&#8243; _module_preset=&#8221;default&#8221; link_font=&#8221;||||||||&#8221; link_text_color=&#8221;#B70C60&#8243; link_option_url=&#8221;https:\/\/gaillimhlegaei.wpenginepowered.com\/wp-content\/uploads\/2024\/10\/gleg_t1.pdf&#8221; link_option_url_new_window=&#8221;on&#8221; hover_enabled=&#8221;0&#8243; global_colors_info=&#8221;{}&#8221; header_4_text_color__hover_enabled=&#8221;off|desktop&#8221; text_text_color__hover_enabled=&#8221;on|hover&#8221; sticky_enabled=&#8221;0&#8243;]<\/p>\n<p>Achoimre<\/p>\n<h4>2009: Bunt\u00e1ist\u00ed geilleagracha na Gaeilge a fheictear i gCathair na Gaillimhe agus i nGaeltacht na Gaillimhe<\/h4>\n<p>[\/et_pb_text][\/et_pb_column][\/et_pb_row][et_pb_row column_structure=&#8221;1_4,1_4,1_4,1_4&#8243; admin_label=&#8221;PDF Download Row (column links x 4)&#8221; _builder_version=&#8221;4.23.4&#8243; _module_preset=&#8221;default&#8221; width_tablet=&#8221;&#8221; width_phone=&#8221;&#8221; width_last_edited=&#8221;on|phone&#8221; max_width=&#8221;1440px&#8221; module_alignment=&#8221;center&#8221; global_colors_info=&#8221;{}&#8221;][et_pb_column type=&#8221;1_4&#8243; admin_label=&#8221;PDF 1 &#8211; Link here&#8221; _builder_version=&#8221;4.23.4&#8243; _module_preset=&#8221;default&#8221; link_option_url=&#8221;https:\/\/gleg.ie\/wp-content\/uploads\/2024\/10\/gleg_taighde_leagan_iomlan_web.pdf&#8221; link_option_url_new_window=&#8221;on&#8221; global_colors_info=&#8221;{}&#8221;][et_pb_image src=&#8221;https:\/\/gaillimhlegaei.wpenginepowered.com\/wp-content\/uploads\/2024\/10\/gleg_t1-1.jpg&#8221; title_text=&#8221;gleg_t1-1&#8243; url=&#8221;https:\/\/gaillimhlegaei.wpenginepowered.com\/wp-content\/uploads\/2024\/10\/gleg_taighde_leagan_iomlan_web.pdf%20%20%20&#8243; url_new_window=&#8221;on&#8221; admin_label=&#8221;PDF thumbnail image 4&#8243; _builder_version=&#8221;4.23.4&#8243; _module_preset=&#8221;default&#8221; background_enable_image=&#8221;off&#8221; border_radii=&#8221;on|12px|12px|12px|12px&#8221; border_color_all=&#8221;RGBA(255,255,255,0)&#8221; box_shadow_style=&#8221;preset1&#8243; global_colors_info=&#8221;{}&#8221;][\/et_pb_image][et_pb_text admin_label=&#8221;PDF title 4&#8243; _builder_version=&#8221;4.23.4&#8243; _module_preset=&#8221;default&#8221; link_font=&#8221;||||||||&#8221; link_text_color=&#8221;#B70C60&#8243; link_option_url=&#8221;https:\/\/gaillimhlegaei.wpenginepowered.com\/wp-content\/uploads\/2024\/10\/gleg_taighde_leagan_iomlan_web.pdf&#8221; link_option_url_new_window=&#8221;on&#8221; hover_enabled=&#8221;0&#8243; global_colors_info=&#8221;{}&#8221; header_4_text_color__hover_enabled=&#8221;off|desktop&#8221; text_text_color__hover_enabled=&#8221;on|hover&#8221; sticky_enabled=&#8221;0&#8243;]<\/p>\n<p>Tuairisc Ioml\u00e1n<\/p>\n<h4>2009: The economic benefits associated with the Irish language which accrue to Galway City and to the Galway Gaeltacht<\/h4>\n<p>[\/et_pb_text][\/et_pb_column][et_pb_column type=&#8221;1_4&#8243; admin_label=&#8221;PDF 2 &#8211; Link here&#8221; _builder_version=&#8221;4.23.4&#8243; _module_preset=&#8221;default&#8221; link_option_url=&#8221;https:\/\/gleg.ie\/wp-content\/uploads\/2024\/10\/staidear_t_web.pdf&#8221; global_colors_info=&#8221;{}&#8221;][et_pb_image src=&#8221;https:\/\/gaillimhlegaei.wpenginepowered.com\/wp-content\/uploads\/2024\/10\/staidear_t_web-1.jpg&#8221; title_text=&#8221;staidear_t_web-1&#8243; url=&#8221;https:\/\/gleg.ie\/wp-content\/uploads\/2024\/10\/staidear_t_web.pdf&#8221; url_new_window=&#8221;on&#8221; admin_label=&#8221;PDF thumbnail image 1&#8243; _builder_version=&#8221;4.23.4&#8243; _module_preset=&#8221;default&#8221; background_enable_image=&#8221;off&#8221; hover_enabled=&#8221;0&#8243; border_radii=&#8221;on|12px|12px|12px|12px&#8221; border_color_all=&#8221;RGBA(255,255,255,0)&#8221; box_shadow_style=&#8221;preset1&#8243; global_colors_info=&#8221;{}&#8221; sticky_enabled=&#8221;0&#8243;][\/et_pb_image][et_pb_text admin_label=&#8221;PDF title 1&#8243; _builder_version=&#8221;4.23.4&#8243; _module_preset=&#8221;default&#8221; link_font=&#8221;||||||||&#8221; link_text_color=&#8221;#B70C60&#8243; link_option_url=&#8221;https:\/\/gleg.ie\/wp-content\/uploads\/2024\/10\/staidear_t_web.pdf&#8221; link_option_url_new_window=&#8221;on&#8221; hover_enabled=&#8221;0&#8243; global_colors_info=&#8221;{}&#8221; header_4_text_color__hover_enabled=&#8221;off|desktop&#8221; text_text_color__hover_enabled=&#8221;on|hover&#8221; sticky_enabled=&#8221;0&#8243;]<\/p>\n<p>Staid\u00e9ar Taisc\u00e9ala\u00edoch<\/p>\n<h4>2007: Staid\u00e9ar Taisc\u00e9ala\u00edoch ar na D\u00e1theangachas i gCathair na Gaillimhe<\/h4>\n<p>[\/et_pb_text][\/et_pb_column][et_pb_column type=&#8221;1_4&#8243; admin_label=&#8221;PDF 3 &#8211; Link here&#8221; _builder_version=&#8221;4.23.4&#8243; _module_preset=&#8221;default&#8221; link_option_url=&#8221;https:\/\/gleg.ie\/wp-content\/uploads\/2024\/10\/STRAITEIS_2006-2008.pdf&#8221; global_colors_info=&#8221;{}&#8221;][et_pb_image src=&#8221;https:\/\/gaillimhlegaei.wpenginepowered.com\/wp-content\/uploads\/2024\/10\/STRAITEIS_2006-2008-1.jpg&#8221; title_text=&#8221;STRAITEIS_2006-2008-1&#8243; url=&#8221;https:\/\/gleg.ie\/wp-content\/uploads\/2024\/10\/STRAITEIS_2006-2008.pdf&#8221; url_new_window=&#8221;on&#8221; align=&#8221;center&#8221; admin_label=&#8221;PDF thumbnail image 2&#8243; _builder_version=&#8221;4.23.4&#8243; _module_preset=&#8221;default&#8221; background_enable_image=&#8221;off&#8221; border_radii=&#8221;on|12px|12px|12px|12px&#8221; border_color_all=&#8221;RGBA(255,255,255,0)&#8221; box_shadow_style=&#8221;preset1&#8243; global_colors_info=&#8221;{}&#8221;][\/et_pb_image][et_pb_text admin_label=&#8221;PDF title 2&#8243; _builder_version=&#8221;4.23.4&#8243; _module_preset=&#8221;default&#8221; link_font=&#8221;||||||||&#8221; link_text_color=&#8221;#B70C60&#8243; link_option_url=&#8221;https:\/\/gleg.ie\/wp-content\/uploads\/2024\/10\/STRAITEIS_2006-2008.pdf&#8221; link_option_url_new_window=&#8221;on&#8221; hover_enabled=&#8221;0&#8243; global_colors_info=&#8221;{}&#8221; header_4_text_color__hover_enabled=&#8221;off|desktop&#8221; text_text_color__hover_enabled=&#8221;on|hover&#8221; sticky_enabled=&#8221;0&#8243;]<\/p>\n<p>Full Report<\/p>\n<h4>2006 &#8211; 2008: Plean Strait\u00e9iseach<\/h4>\n<p>[\/et_pb_text][\/et_pb_column][et_pb_column type=&#8221;1_4&#8243; admin_label=&#8221;PDF 4 &#8211; Link here&#8221; _builder_version=&#8221;4.23.4&#8243; _module_preset=&#8221;default&#8221; global_colors_info=&#8221;{}&#8221;][\/et_pb_column][\/et_pb_row][\/et_pb_section][et_pb_section fb_built=&#8221;1&#8243; custom_padding_last_edited=&#8221;on|phone&#8221; _builder_version=&#8221;4.23.4&#8243; _module_preset=&#8221;default&#8221; width=&#8221;100%&#8221; max_width=&#8221;100%&#8221; module_alignment=&#8221;center&#8221; custom_margin=&#8221;||||true|true&#8221; custom_padding=&#8221;||||true|false&#8221; custom_padding_tablet=&#8221;24px|72px|24px|72px|true|true&#8221; custom_padding_phone=&#8221;24px|20px|24px|20px|true|true&#8221; custom_css_main_element=&#8221;display: flex;||align-items: center;&#8221; border_width_top=&#8221;1px&#8221; border_color_top=&#8221;#e2d3db&#8221; locked=&#8221;off&#8221; global_colors_info=&#8221;{}&#8221;][et_pb_row column_structure=&#8221;1_4,1_4,1_4,1_4&#8243; use_custom_gutter=&#8221;off&#8221; _builder_version=&#8221;4.23.4&#8243; _module_preset=&#8221;default&#8221; module_alignment=&#8221;center&#8221; custom_margin=&#8221;||||true|true&#8221; custom_padding=&#8221;0px|0px|0px|0px|true|true&#8221; global_colors_info=&#8221;{}&#8221;][et_pb_column type=&#8221;1_4&#8243; _builder_version=&#8221;4.23.1&#8243; _module_preset=&#8221;default&#8221; custom_padding=&#8221;0px|0px|0px|0px|true|true&#8221; custom_css_main_element=&#8221;display: flex;||align-items: center;||justify-content: center;&#8221; global_colors_info=&#8221;{}&#8221;][et_pb_image src=&#8221;https:\/\/gaillimhlegaei.wpenginepowered.com\/wp-content\/uploads\/2023\/11\/Frame-60.png&#8221; title_text=&#8221;Frame 60&#8243; url=&#8221;https:\/\/www.gov.ie\/en\/organisation\/department-of-tourism-culture-arts-gaeltacht-sport-and-media\/&#8221; url_new_window=&#8221;on&#8221; align=&#8221;center&#8221; admin_label=&#8221;Image&#8221; _builder_version=&#8221;4.23.4&#8243; _module_preset=&#8221;default&#8221; custom_margin=&#8221;|||0px|true|false&#8221; custom_padding=&#8221;||||true|true&#8221; global_colors_info=&#8221;{}&#8221;][\/et_pb_image][\/et_pb_column][et_pb_column type=&#8221;1_4&#8243; _builder_version=&#8221;4.23.1&#8243; _module_preset=&#8221;default&#8221; custom_padding=&#8221;0px|0px|0px|0px|true|true&#8221; custom_css_main_element=&#8221;display: flex;||align-items: center;||justify-content: center;&#8221; global_colors_info=&#8221;{}&#8221;][et_pb_image src=&#8221;https:\/\/gaillimhlegaei.wpenginepowered.com\/wp-content\/uploads\/2023\/11\/Frame-62.png&#8221; title_text=&#8221;Frame 62&#8243; url=&#8221;https:\/\/enterprise.gov.ie\/en\/publications\/an-straiteis-20-bliain-don-ghaeilge-2010-2030-tuarascail-ar-dhul-chun-cinn-2014-.html&#8221; url_new_window=&#8221;on&#8221; align=&#8221;center&#8221; _builder_version=&#8221;4.23.4&#8243; _module_preset=&#8221;default&#8221; global_colors_info=&#8221;{}&#8221;][\/et_pb_image][\/et_pb_column][et_pb_column type=&#8221;1_4&#8243; _builder_version=&#8221;4.23.1&#8243; _module_preset=&#8221;default&#8221; custom_padding=&#8221;0px|0px|0px|0px|true|true&#8221; custom_css_main_element=&#8221;display: flex;||align-items: center;||justify-content: center;&#8221; global_colors_info=&#8221;{}&#8221;][et_pb_image src=&#8221;https:\/\/gaillimhlegaei.wpenginepowered.com\/wp-content\/uploads\/2023\/11\/Frame-61.png&#8221; title_text=&#8221;Frame 61&#8243; url=&#8221;https:\/\/www.galwaycity.ie\/&#8221; url_new_window=&#8221;on&#8221; align=&#8221;center&#8221; _builder_version=&#8221;4.23.4&#8243; _module_preset=&#8221;default&#8221; global_colors_info=&#8221;{}&#8221;][\/et_pb_image][\/et_pb_column][et_pb_column type=&#8221;1_4&#8243; _builder_version=&#8221;4.23.1&#8243; _module_preset=&#8221;default&#8221; custom_padding=&#8221;0px|0px|0px|0px|true|true&#8221; custom_css_main_element=&#8221;display: flex;||align-items: center;||justify-content: center;&#8221; global_colors_info=&#8221;{}&#8221;][et_pb_image src=&#8221;https:\/\/gaillimhlegaei.wpenginepowered.com\/wp-content\/uploads\/2023\/11\/Frame-63.png&#8221; title_text=&#8221;Frame 63&#8243; url=&#8221;https:\/\/galwaychamber.com\/&#8221; url_new_window=&#8221;on&#8221; align=&#8221;center&#8221; _builder_version=&#8221;4.23.4&#8243; _module_preset=&#8221;default&#8221; custom_margin=&#8221;|0px|||false|false&#8221; global_colors_info=&#8221;{}&#8221;][\/et_pb_image][\/et_pb_column][\/et_pb_row][\/et_pb_section]<\/p>\n","protected":false},"excerpt":{"rendered":"<p>ResearchHere are the research publications that are currently available to download:&nbsp; 2022: Strait\u00e9is Ghaillimh le Gaeilge 2023-2025Full Report 2021: Plean Teanga Chathair na Gaillimhe 2020-2026Achoimre 2013: I dTreo St\u00e1das D\u00e1theangachAchoimre 2009: Bunt\u00e1ist\u00ed geilleagracha na Gaeilge a fheictear i gCathair na Gaillimhe agus i nGaeltacht na GaillimheTuairisc Ioml\u00e1n 2009: The economic benefits associated with the Irish [&hellip;]<\/p>\n","protected":false},"author":6,"featured_media":0,"parent":0,"menu_order":0,"comment_status":"closed","ping_status":"closed","template":"","meta":{"_acf_changed":false,"_et_pb_use_builder":"on","_et_pb_old_content":"","_et_gb_content_width":"","footnotes":""},"class_list":["post-28844","page","type-page","status-publish","hentry"],"acf":[],"yoast_head":"<!-- This site is optimized with the Yoast SEO plugin v27.4 - https:\/\/yoast.com\/product\/yoast-seo-wordpress\/ -->\n<title>Research - Gaillimh Le Gaeilge<\/title>\n<meta name=\"robots\" content=\"index, follow, max-snippet:-1, max-image-preview:large, max-video-preview:-1\" \/>\n<link rel=\"canonical\" href=\"https:\/\/gleg.ie\/gaeilge\/research\/\" \/>\n<meta property=\"og:locale\" content=\"ga_IE\" \/>\n<meta property=\"og:type\" content=\"article\" \/>\n<meta property=\"og:title\" content=\"Research - Gaillimh Le Gaeilge\" \/>\n<meta property=\"og:description\" content=\"ResearchHere are the research publications that are currently available to download:&nbsp; 2022: Strait\u00e9is Ghaillimh le Gaeilge 2023-2025Full Report 2021: Plean Teanga Chathair na Gaillimhe 2020-2026Achoimre 2013: I dTreo St\u00e1das D\u00e1theangachAchoimre 2009: Bunt\u00e1ist\u00ed geilleagracha na Gaeilge a fheictear i gCathair na Gaillimhe agus i nGaeltacht na GaillimheTuairisc Ioml\u00e1n 2009: The economic benefits associated with the Irish [&hellip;]\" \/>\n<meta property=\"og:url\" content=\"https:\/\/gleg.ie\/gaeilge\/research\/\" \/>\n<meta property=\"og:site_name\" content=\"Gaillimh Le Gaeilge\" \/>\n<meta property=\"article:modified_time\" content=\"2025-09-30T10:08:35+00:00\" \/>\n<meta name=\"twitter:card\" content=\"summary_large_image\" \/>\n<meta name=\"twitter:label1\" content=\"Est. reading time\" \/>\n\t<meta name=\"twitter:data1\" content=\"3 minutes\" \/>\n<script type=\"application\/ld+json\" class=\"yoast-schema-graph\">{\"@context\":\"https:\\\/\\\/schema.org\",\"@graph\":[{\"@type\":\"WebPage\",\"@id\":\"https:\\\/\\\/gleg.ie\\\/english\\\/research\\\/\",\"url\":\"https:\\\/\\\/gleg.ie\\\/english\\\/research\\\/\",\"name\":\"Research - Gaillimh Le Gaeilge\",\"isPartOf\":{\"@id\":\"https:\\\/\\\/gleg.ie\\\/#website\"},\"datePublished\":\"2024-10-18T08:51:50+00:00\",\"dateModified\":\"2025-09-30T10:08:35+00:00\",\"breadcrumb\":{\"@id\":\"https:\\\/\\\/gleg.ie\\\/english\\\/research\\\/#breadcrumb\"},\"inLanguage\":\"ga-IE\",\"potentialAction\":[{\"@type\":\"ReadAction\",\"target\":[\"https:\\\/\\\/gleg.ie\\\/english\\\/research\\\/\"]}]},{\"@type\":\"BreadcrumbList\",\"@id\":\"https:\\\/\\\/gleg.ie\\\/english\\\/research\\\/#breadcrumb\",\"itemListElement\":[{\"@type\":\"ListItem\",\"position\":1,\"name\":\"Home\",\"item\":\"https:\\\/\\\/gleg.ie\\\/english\\\/\"},{\"@type\":\"ListItem\",\"position\":2,\"name\":\"Research\"}]},{\"@type\":\"WebSite\",\"@id\":\"https:\\\/\\\/gleg.ie\\\/#website\",\"url\":\"https:\\\/\\\/gleg.ie\\\/\",\"name\":\"Gaillimh Le Gaeilge\",\"description\":\"Gaillimh le Gaeilge, An Ghaeilge i nGaillimh, Irish language and culture in Galway, Gaeilge sa Ghn\u00f3, Irish in Business\",\"potentialAction\":[{\"@type\":\"SearchAction\",\"target\":{\"@type\":\"EntryPoint\",\"urlTemplate\":\"https:\\\/\\\/gleg.ie\\\/?s={search_term_string}\"},\"query-input\":{\"@type\":\"PropertyValueSpecification\",\"valueRequired\":true,\"valueName\":\"search_term_string\"}}],\"inLanguage\":\"ga-IE\"}]}<\/script>\n<!-- \/ Yoast SEO plugin. -->","yoast_head_json":{"title":"Research - Gaillimh Le Gaeilge","robots":{"index":"index","follow":"follow","max-snippet":"max-snippet:-1","max-image-preview":"max-image-preview:large","max-video-preview":"max-video-preview:-1"},"canonical":"https:\/\/gleg.ie\/gaeilge\/research\/","og_locale":"ga_IE","og_type":"article","og_title":"Research - Gaillimh Le Gaeilge","og_description":"ResearchHere are the research publications that are currently available to download:&nbsp; 2022: Strait\u00e9is Ghaillimh le Gaeilge 2023-2025Full Report 2021: Plean Teanga Chathair na Gaillimhe 2020-2026Achoimre 2013: I dTreo St\u00e1das D\u00e1theangachAchoimre 2009: Bunt\u00e1ist\u00ed geilleagracha na Gaeilge a fheictear i gCathair na Gaillimhe agus i nGaeltacht na GaillimheTuairisc Ioml\u00e1n 2009: The economic benefits associated with the Irish [&hellip;]","og_url":"https:\/\/gleg.ie\/gaeilge\/research\/","og_site_name":"Gaillimh Le Gaeilge","article_modified_time":"2025-09-30T10:08:35+00:00","twitter_card":"summary_large_image","twitter_misc":{"Est. reading time":"3 minutes"},"schema":{"@context":"https:\/\/schema.org","@graph":[{"@type":"WebPage","@id":"https:\/\/gleg.ie\/english\/research\/","url":"https:\/\/gleg.ie\/english\/research\/","name":"Research - Gaillimh Le Gaeilge","isPartOf":{"@id":"https:\/\/gleg.ie\/#website"},"datePublished":"2024-10-18T08:51:50+00:00","dateModified":"2025-09-30T10:08:35+00:00","breadcrumb":{"@id":"https:\/\/gleg.ie\/english\/research\/#breadcrumb"},"inLanguage":"ga-IE","potentialAction":[{"@type":"ReadAction","target":["https:\/\/gleg.ie\/english\/research\/"]}]},{"@type":"BreadcrumbList","@id":"https:\/\/gleg.ie\/english\/research\/#breadcrumb","itemListElement":[{"@type":"ListItem","position":1,"name":"Home","item":"https:\/\/gleg.ie\/english\/"},{"@type":"ListItem","position":2,"name":"Research"}]},{"@type":"WebSite","@id":"https:\/\/gleg.ie\/#website","url":"https:\/\/gleg.ie\/","name":"Gaillimh Le Gaeilge","description":"Gaillimh le Gaeilge, An Ghaeilge i nGaillimh, Irish language and culture in Galway, Gaeilge sa Ghn\u00f3, Irish in Business","potentialAction":[{"@type":"SearchAction","target":{"@type":"EntryPoint","urlTemplate":"https:\/\/gleg.ie\/?s={search_term_string}"},"query-input":{"@type":"PropertyValueSpecification","valueRequired":true,"valueName":"search_term_string"}}],"inLanguage":"ga-IE"}]}},"featured_image_src":null,"featured_image_src_square":null,"_links":{"self":[{"href":"https:\/\/gleg.ie\/gaeilge\/wp-json\/wp\/v2\/pages\/28844","targetHints":{"allow":["GET"]}}],"collection":[{"href":"https:\/\/gleg.ie\/gaeilge\/wp-json\/wp\/v2\/pages"}],"about":[{"href":"https:\/\/gleg.ie\/gaeilge\/wp-json\/wp\/v2\/types\/page"}],"author":[{"embeddable":true,"href":"https:\/\/gleg.ie\/gaeilge\/wp-json\/wp\/v2\/users\/6"}],"replies":[{"embeddable":true,"href":"https:\/\/gleg.ie\/gaeilge\/wp-json\/wp\/v2\/comments?post=28844"}],"version-history":[{"count":0,"href":"https:\/\/gleg.ie\/gaeilge\/wp-json\/wp\/v2\/pages\/28844\/revisions"}],"wp:attachment":[{"href":"https:\/\/gleg.ie\/gaeilge\/wp-json\/wp\/v2\/media?parent=28844"}],"curies":[{"name":"wp","href":"https:\/\/api.w.org\/{rel}","templated":true}]}}